{"id":388,"date":"2020-03-16T17:22:24","date_gmt":"2020-03-16T17:22:24","guid":{"rendered":"https:\/\/swissnutritionsolutions.ch\/?page_id=388"},"modified":"2025-10-15T13:20:00","modified_gmt":"2025-10-15T11:20:00","slug":"kontakt","status":"publish","type":"page","link":"https:\/\/swissnutritionsolutions.ch\/de\/kontakt\/","title":{"rendered":"Kontakt"},"content":{"rendered":"<div class=\"wpb-content-wrapper\"><p>[vc_row unlock_row_content=&#8220;yes&#8220; row_height_percent=&#8220;0&#8243; back_image=&#8220;731&#8243; back_position=&#8220;center bottom&#8220; overlay_alpha=&#8220;50&#8243; gutter_size=&#8220;3&#8243; column_width_percent=&#8220;100&#8243; shift_y=&#8220;0&#8243; z_index=&#8220;0&#8243; row_height_pixel=&#8220;400&#8243;][vc_column width=&#8220;1\/1&#8243;][\/vc_column][\/vc_row][vc_row row_height_percent=&#8220;0&#8243; override_padding=&#8220;yes&#8220; h_padding=&#8220;2&#8243; top_padding=&#8220;0&#8243; bottom_padding=&#8220;0&#8243; overlay_alpha=&#8220;50&#8243; gutter_size=&#8220;3&#8243; column_width_percent=&#8220;100&#8243; shift_y=&#8220;0&#8243; z_index=&#8220;0&#8243; content_parallax=&#8220;0&#8243; css=&#8220;.vc_custom_1746797120088{padding-top: 70px !important;}&#8220; uncode_shortcode_id=&#8220;194016&#8243; el_id=&#8220;team&#8220;][vc_column column_width_percent=&#8220;100&#8243; align_horizontal=&#8220;align_center&#8220; gutter_size=&#8220;3&#8243; overlay_alpha=&#8220;50&#8243; shift_x=&#8220;0&#8243; shift_y=&#8220;0&#8243; shift_y_down=&#8220;0&#8243; z_index=&#8220;0&#8243; medium_width=&#8220;0&#8243; mobile_width=&#8220;0&#8243; width=&#8220;1\/1&#8243;][vc_column_text uncode_shortcode_id=&#8220;138126&#8243;]<\/p>\n<h1 style=\"margin-bottom: 60px; text-align: left;\">Kontakt \u2013 Ihr Partner f\u00fcr die Lohnherstellung von Nahrungserg\u00e4nzungsmitteln<\/h1>\n<p style=\"text-align: left;\">Kontaktieren Sie uns f\u00fcr Ihr Private-Label-Projekt. Sie haben eine Produktidee f\u00fcr Ihr Nahrungserg\u00e4nzungsmittel? Bei Swiss Nutrition Solutions profitieren Sie von hochwertiger Lohnherstellung und den besten Voraussetzungen f\u00fcr den langfristigen Erfolg Ihrer Supplement-Marke.<\/p>\n<p style=\"text-align: left;\">Als erfahrener Full-Service-Lohnhersteller begleiten wir Sie von der Entwicklung \u00fcber die Herstellung bis zur Abf\u00fcllung und Konfektionierung. Gemeinsam finden wir die perfekte L\u00f6sung f\u00fcr Ihr Produkt.<\/p>\n<p style=\"text-align: left;\">Kontaktieren Sie uns f\u00fcr eine pers\u00f6nliche Beratung \u2013 wir freuen uns auf Ihre Anfrage!<\/p>\n<h2 style=\"text-align: left;\">Ihr Ansprechpartner f\u00fcr Private-Label-Supplements<\/h2>\n<p style=\"text-align: left;\">Unser erfahrenes Team begleitet Sie Schritt f\u00fcr Schritt zur erfolgreichen Umsetzung Ihrer Eigenmarke.<\/p>\n<p>[\/vc_column_text][\/vc_column][\/vc_row][vc_row row_height_percent=&#8220;0&#8243; override_padding=&#8220;yes&#8220; h_padding=&#8220;2&#8243; top_padding=&#8220;2&#8243; bottom_padding=&#8220;2&#8243; overlay_alpha=&#8220;50&#8243; gutter_size=&#8220;3&#8243; column_width_percent=&#8220;100&#8243; shift_y=&#8220;0&#8243; z_index=&#8220;0&#8243; css=&#8220;.vc_custom_1584606979575{margin-top: 50px !important;}&#8220;][vc_column column_width_percent=&#8220;100&#8243; gutter_size=&#8220;3&#8243; overlay_alpha=&#8220;50&#8243; shift_x=&#8220;0&#8243; shift_y=&#8220;0&#8243; shift_y_down=&#8220;0&#8243; z_index=&#8220;0&#8243; medium_width=&#8220;0&#8243; mobile_width=&#8220;0&#8243; width=&#8220;1\/2&#8243;][vc_single_image media=&#8220;2716&#8243; media_width_percent=&#8220;100&#8243; uncode_shortcode_id=&#8220;109815&#8243;][vc_column_text uncode_shortcode_id=&#8220;102883&#8243; el_class=&#8220;mitarbeitenlegeden&#8220;]<\/p>\n<p style=\"text-align: center;\"><strong>Veronika Kiser\u00a0 \u00a0Danijel Cekic\u00a0 \u00a0Jasmin Spitzm\u00fcller\u00a0 Oliver Mammele<\/strong><\/p>\n<p>[\/vc_column_text][vc_empty_space empty_h=&#8220;2&#8243;][vc_column_text]<strong>Swiss Nutrition Solutions<\/strong><br \/>\nby nahrin<br \/>\nIndustriestrasse 27<br \/>\n6060 Sarnen<br \/>\nSchweiz<\/p>\n<p>Tel <a href=\"tel:+41416600044\">+41 41 660 00 44<\/a><br \/>\n<a href=\"mailto:info@swissnutritionsolutions.ch\">info@swissnutritionsolutions.ch<\/a>[\/vc_column_text][\/vc_column][vc_column column_width_percent=&#8220;100&#8243; align_horizontal=&#8220;align_center&#8220; gutter_size=&#8220;3&#8243; overlay_alpha=&#8220;50&#8243; shift_x=&#8220;0&#8243; shift_y=&#8220;0&#8243; shift_y_down=&#8220;0&#8243; z_index=&#8220;0&#8243; medium_visibility=&#8220;yes&#8220; medium_width=&#8220;0&#8243; mobile_visibility=&#8220;yes&#8220; mobile_width=&#8220;0&#8243; width=&#8220;1\/4&#8243; uncode_shortcode_id=&#8220;520789&#8243;][\/vc_column][vc_column column_width_percent=&#8220;100&#8243; gutter_size=&#8220;3&#8243; overlay_alpha=&#8220;50&#8243; shift_x=&#8220;0&#8243; shift_y=&#8220;0&#8243; shift_y_down=&#8220;0&#8243; z_index=&#8220;0&#8243; medium_visibility=&#8220;yes&#8220; medium_width=&#8220;0&#8243; mobile_visibility=&#8220;yes&#8220; mobile_width=&#8220;0&#8243; width=&#8220;1\/4&#8243; uncode_shortcode_id=&#8220;103119&#8243;][\/vc_column][\/vc_row][vc_row row_height_percent=&#8220;0&#8243; override_padding=&#8220;yes&#8220; h_padding=&#8220;2&#8243; top_padding=&#8220;0&#8243; bottom_padding=&#8220;0&#8243; overlay_alpha=&#8220;50&#8243; gutter_size=&#8220;3&#8243; column_width_percent=&#8220;100&#8243; shift_y=&#8220;0&#8243; z_index=&#8220;0&#8243; content_parallax=&#8220;0&#8243; css=&#8220;.vc_custom_1746797710327{margin-top: 100px !important;margin-bottom: 0px !important;}&#8220; el_id=&#8220;veranstaltungen&#8220; uncode_shortcode_id=&#8220;131218&#8243;][vc_column column_width_percent=&#8220;100&#8243; align_horizontal=&#8220;align_center&#8220; gutter_size=&#8220;3&#8243; overlay_alpha=&#8220;50&#8243; shift_x=&#8220;0&#8243; shift_y=&#8220;0&#8243; shift_y_down=&#8220;0&#8243; z_index=&#8220;0&#8243; medium_width=&#8220;0&#8243; mobile_width=&#8220;0&#8243; width=&#8220;1\/1&#8243;][vc_column_text uncode_shortcode_id=&#8220;191307&#8243;]<\/p>\n<h2 style=\"text-align: left;\">Veranstaltungen<\/h2>\n<p>[\/vc_column_text][\/vc_column][\/vc_row][vc_row row_height_percent=&#8220;0&#8243; override_padding=&#8220;yes&#8220; h_padding=&#8220;2&#8243; top_padding=&#8220;0&#8243; bottom_padding=&#8220;0&#8243; overlay_alpha=&#8220;50&#8243; gutter_size=&#8220;3&#8243; column_width_percent=&#8220;100&#8243; shift_y=&#8220;0&#8243; z_index=&#8220;0&#8243; content_parallax=&#8220;0&#8243; css=&#8220;.vc_custom_1746797720098{margin-top: 10px !important;margin-bottom: 100px !important;}&#8220; el_id=&#8220;vitafoods&#8220; uncode_shortcode_id=&#8220;103283&#8243;][vc_column column_width_percent=&#8220;100&#8243; align_horizontal=&#8220;align_center&#8220; gutter_size=&#8220;3&#8243; overlay_alpha=&#8220;50&#8243; shift_x=&#8220;0&#8243; shift_y=&#8220;0&#8243; shift_y_down=&#8220;0&#8243; z_index=&#8220;0&#8243; medium_width=&#8220;0&#8243; mobile_width=&#8220;0&#8243; width=&#8220;1\/1&#8243;][vc_column_text uncode_shortcode_id=&#8220;178730&#8243;]<\/p>\n<p style=\"text-align: left;\">Vom 02.-04. September 2026 sind wir an der Vitafoods Asien in Bangkok (Thailand). Besuchen Sie uns am Stand Nr. K44.<\/p>\n<p style=\"text-align: left;\"><a href=\"https:\/\/www.vitafoodsasia.com\/en\/home.html\">https:\/\/www.vitafoodsasia.com\/en\/home.html<\/a><\/p>\n<p>[\/vc_column_text][\/vc_column][\/vc_row][vc_row row_height_percent=&#8220;0&#8243; override_padding=&#8220;yes&#8220; h_padding=&#8220;2&#8243; top_padding=&#8220;0&#8243; bottom_padding=&#8220;2&#8243; overlay_alpha=&#8220;50&#8243; gutter_size=&#8220;3&#8243; column_width_percent=&#8220;100&#8243; shift_y=&#8220;0&#8243; z_index=&#8220;0&#8243; content_parallax=&#8220;0&#8243; css=&#8220;.vc_custom_1746798211654{margin-top: 100px !important;margin-bottom: 0px !important;}&#8220; el_id=&#8220;partnerschaften&#8220; uncode_shortcode_id=&#8220;525728&#8243;][vc_column column_width_percent=&#8220;100&#8243; align_horizontal=&#8220;align_center&#8220; gutter_size=&#8220;3&#8243; overlay_alpha=&#8220;50&#8243; shift_x=&#8220;0&#8243; shift_y=&#8220;0&#8243; shift_y_down=&#8220;0&#8243; z_index=&#8220;0&#8243; medium_width=&#8220;0&#8243; mobile_width=&#8220;0&#8243; width=&#8220;1\/1&#8243;][vc_column_text uncode_shortcode_id=&#8220;162725&#8243;]<\/p>\n<h2 style=\"text-align: left;\">Partnerschaften<\/h2>\n<p>[\/vc_column_text][\/vc_column][\/vc_row][vc_row unlock_row=&#8220;&#8220; row_height_percent=&#8220;0&#8243; override_padding=&#8220;yes&#8220; h_padding=&#8220;0&#8243; top_padding=&#8220;0&#8243; bottom_padding=&#8220;4&#8243; overlay_alpha=&#8220;50&#8243; gutter_size=&#8220;3&#8243; column_width_percent=&#8220;100&#8243; shift_y=&#8220;0&#8243; z_index=&#8220;0&#8243; content_parallax=&#8220;0&#8243; el_id=&#8220;partnerschaften&#8220; uncode_shortcode_id=&#8220;163565&#8243;][vc_column column_width_percent=&#8220;100&#8243; gutter_size=&#8220;3&#8243; override_padding=&#8220;yes&#8220; column_padding=&#8220;0&#8243; overlay_alpha=&#8220;50&#8243; border_color=&#8220;accent&#8220; border_style=&#8220;solid&#8220; shift_x=&#8220;0&#8243; shift_y=&#8220;0&#8243; shift_y_down=&#8220;0&#8243; z_index=&#8220;0&#8243; medium_width=&#8220;0&#8243; mobile_width=&#8220;0&#8243; width=&#8220;1\/1&#8243; uncode_shortcode_id=&#8220;184689&#8243; css=&#8220;.vc_custom_1746798895935{border-top-width: 1px !important;border-bottom-width: 1px !important;padding-top: 36px !important;padding-bottom: 36px !important;}&#8220; border_color_type=&#8220;uncode-palette&#8220;][vc_single_image media=&#8220;1400&#8243; media_width_use_pixel=&#8220;yes&#8220; media_link=&#8220;url:https%3A%2F%2Fwww.nahrin.com%2F|target:_blank&#8220; media_width_pixel=&#8220;300&#8243; uncode_shortcode_id=&#8220;193764&#8243;][vc_column_text uncode_shortcode_id=&#8220;811887&#8243;]<\/p>\n<h3 style=\"text-align: left;\">Nahrin AG \u2013 Schweizer Qualit\u00e4t seit 1954<\/h3>\n<p style=\"text-align: left;\">Die Nahrin AG ist ein traditionsreiches Schweizer Familienunternehmen, das seit 1954 hochwertige Lebensmittel, Nahrungserg\u00e4nzungsmittel und K\u00f6rperpflegeprodukte entwickelt und herstellt.<\/p>\n<ul>\n<li style=\"text-align: left;\">Globale Pr\u00e4senz in \u00fcber 20 L\u00e4ndern<\/li>\n<li style=\"text-align: left;\">Eigene Forschung, Entwicklung und Produktion<\/li>\n<li style=\"text-align: left;\">Nachhaltige &amp; nat\u00fcrliche Produkte f\u00fcr Gesundheit und Wohlbefinden<\/li>\n<li style=\"text-align: left;\">Breite Palette an qualitativ hochstehende Nahrungsmittel, Nahrungserg\u00e4nzungsmittel und K\u00f6rperpflegeprodukten<\/li>\n<li style=\"text-align: left;\">Inhouse-Produktion und qualit\u00e4tsgepr\u00fcft.<\/li>\n<\/ul>\n<p style=\"text-align: left;\">Nahrin hat es sich zur Aufgabe gemacht, nat\u00fcrliche und gesunde Produkte anzubieten, die stets den h\u00f6chsten Qualit\u00e4tsstandards entsprechen. Nahrin setzt auf Nachhaltigkeit und Wohlbefinden und f\u00f6rdert einen genussvollen, freudvollen und gesunden Lebensstil gem\u00e4ss dem Motto: gesund von innen und aussen.<\/p>\n<p style=\"text-align: left;\">Mehr erfahren:\u00a0<a href=\"https:\/\/www.nahrin.com\/\" target=\"_blank\" rel=\"noopener\">https:\/\/www.nahrin.com<\/a><\/p>\n<p>[\/vc_column_text][\/vc_column][\/vc_row][vc_row row_height_percent=&#8220;0&#8243; override_padding=&#8220;yes&#8220; h_padding=&#8220;2&#8243; top_padding=&#8220;0&#8243; bottom_padding=&#8220;0&#8243; overlay_alpha=&#8220;50&#8243; gutter_size=&#8220;3&#8243; column_width_percent=&#8220;100&#8243; shift_y=&#8220;0&#8243; z_index=&#8220;0&#8243; content_parallax=&#8220;0&#8243; css=&#8220;.vc_custom_1746799107289{margin-bottom: 100px !important;}&#8220; uncode_shortcode_id=&#8220;361317&#8243; el_id=&#8220;kontaktformular&#8220;][vc_column column_width_percent=&#8220;100&#8243; gutter_size=&#8220;3&#8243; overlay_alpha=&#8220;50&#8243; shift_x=&#8220;0&#8243; shift_y=&#8220;0&#8243; shift_y_down=&#8220;0&#8243; z_index=&#8220;0&#8243; medium_width=&#8220;0&#8243; mobile_width=&#8220;0&#8243; width=&#8220;1\/1&#8243; uncode_shortcode_id=&#8220;126019&#8243;][vc_column_text uncode_shortcode_id=&#8220;195252&#8243;]<\/p>\n<h2 style=\"margin-bottom: 60px; text-align: left;\">Kontaktformular<\/h2>\n<p style=\"text-align: left;\">Wir freuen uns auf ihre Kontaktaufnahme. Bitte beachten Sie unsere <a href=\"https:\/\/swissnutritionsolutions.ch\/de\/darreichungsformen\/#mindestmengen\">Mindestmengen<\/a>.<\/p>\n<p>&nbsp;<\/p>\n<div class=\"wpcf7 no-js\" id=\"wpcf7-f20-o1\" lang=\"de-DE\" dir=\"ltr\" data-wpcf7-id=\"20\">\n<div class=\"screen-reader-response\"><p role=\"status\" aria-live=\"polite\" aria-atomic=\"true\"><\/p> <ul><\/ul><\/div>\n<form action=\"\/de\/wp-json\/wp\/v2\/pages\/388#wpcf7-f20-o1\" method=\"post\" class=\"wpcf7-form init\" aria-label=\"Kontaktformular\" novalidate=\"novalidate\" data-status=\"init\">\n<fieldset class=\"hidden-fields-container\"><input type=\"hidden\" name=\"_wpcf7\" value=\"20\" \/><input type=\"hidden\" name=\"_wpcf7_version\" value=\"6.1.5\" \/><input type=\"hidden\" name=\"_wpcf7_locale\" value=\"de_DE\" \/><input type=\"hidden\" name=\"_wpcf7_unit_tag\" value=\"wpcf7-f20-o1\" \/><input type=\"hidden\" name=\"_wpcf7_container_post\" value=\"0\" \/><input type=\"hidden\" name=\"_wpcf7_posted_data_hash\" value=\"\" \/>\n<\/fieldset>\n<p><span class=\"wpcf7-form-control-wrap\" data-name=\"vorname_name\"><input size=\"40\" maxlength=\"400\" class=\"wpcf7-form-control wpcf7-text wpcf7-validates-as-required form-fluid\" aria-required=\"true\" aria-invalid=\"false\" placeholder=\"Vorname, Name*\" value=\"\" type=\"text\" name=\"vorname_name\" \/><\/span>\n<\/p>\n<p><span class=\"wpcf7-form-control-wrap\" data-name=\"firma\"><input size=\"40\" maxlength=\"400\" class=\"wpcf7-form-control wpcf7-text form-fluid\" aria-invalid=\"false\" placeholder=\"Firma\" value=\"\" type=\"text\" name=\"firma\" \/><\/span>\n<\/p>\n<p><span class=\"wpcf7-form-control-wrap\" data-name=\"plz_ort\"><input size=\"40\" maxlength=\"400\" class=\"wpcf7-form-control wpcf7-text form-fluid\" aria-invalid=\"false\" placeholder=\"PLZ, Ort\" value=\"\" type=\"text\" name=\"plz_ort\" \/><\/span>\n<\/p>\n<p><span class=\"wpcf7-form-control-wrap\" data-name=\"tel\"><input size=\"40\" maxlength=\"400\" class=\"wpcf7-form-control wpcf7-text form-fluid\" aria-invalid=\"false\" placeholder=\"Telefon\" value=\"\" type=\"text\" name=\"tel\" \/><\/span>\n<\/p>\n<p><span class=\"wpcf7-form-control-wrap\" data-name=\"email\"><input size=\"40\" maxlength=\"400\" class=\"wpcf7-form-control wpcf7-email wpcf7-validates-as-required wpcf7-text wpcf7-validates-as-email form-fluid\" aria-required=\"true\" aria-invalid=\"false\" placeholder=\"E-Mail*\" value=\"\" type=\"email\" name=\"email\" \/><\/span>\n<\/p>\n<p><span class=\"wpcf7-form-control-wrap\" data-name=\"ihre-nachricht\"><textarea cols=\"40\" rows=\"10\" maxlength=\"2000\" class=\"wpcf7-form-control wpcf7-textarea\" aria-invalid=\"false\" placeholder=\"Ihre Nachricht\" name=\"ihre-nachricht\"><\/textarea><\/span>\n<\/p>\n<p><span class=\"wpcf7-form-control-wrap\" data-name=\"hcap-cf7\">\t\t<input\n\t\t\t\ttype=\"hidden\"\n\t\t\t\tclass=\"hcaptcha-widget-id\"\n\t\t\t\tname=\"hcaptcha-widget-id\"\n\t\t\t\tvalue=\"eyJzb3VyY2UiOlsiY29udGFjdC1mb3JtLTdcL3dwLWNvbnRhY3QtZm9ybS03LnBocCJdLCJmb3JtX2lkIjoyMH0=-639a7c51b87dbffd158ae5154052bda7\">\n\t\t\t\t<span id=\"hcap_cf7-69e1034a77a6e1.84217263\" class=\"wpcf7-form-control h-captcha \"\n\t\t\tdata-sitekey=\"dffafb0a-2048-4d58-a422-37ca5bf6e3f8\"\n\t\t\tdata-theme=\"light\"\n\t\t\tdata-size=\"normal\"\n\t\t\tdata-auto=\"false\"\n\t\t\tdata-ajax=\"false\"\n\t\t\tdata-force=\"false\">\n\t\t<\/span>\n\t\t<input type=\"hidden\" id=\"_wpnonce\" name=\"_wpnonce\" value=\"4fa61ae9b0\" \/><input type=\"hidden\" name=\"_wp_http_referer\" value=\"\/de\/wp-json\/wp\/v2\/pages\/388\" \/><\/span><input class=\"wpcf7-form-control wpcf7-submit has-spinner btn btn-accent\" type=\"submit\" value=\"Abschicken\" \/>\n<\/p><div class=\"wpcf7-response-output\" aria-hidden=\"true\"><\/div>\n<\/form>\n<\/div>\n[\/vc_column_text][\/vc_column][\/vc_row]<\/p>\n<\/div>","protected":false},"excerpt":{"rendered":"<p>[vc_row unlock_row_content=&#8220;yes&#8220; row_height_percent=&#8220;0&#8243; back_image=&#8220;731&#8243; back_position=&#8220;center bottom&#8220; overlay_alpha=&#8220;50&#8243; gutter_size=&#8220;3&#8243; column_width_percent=&#8220;100&#8243; shift_y=&#8220;0&#8243; z_index=&#8220;0&#8243; row_height_pixel=&#8220;400&#8243;][vc_column width=&#8220;1\/1&#8243;][\/vc_column][\/vc_row][vc_row row_height_percent=&#8220;0&#8243; override_padding=&#8220;yes&#8220; h_padding=&#8220;2&#8243; top_padding=&#8220;0&#8243; bottom_padding=&#8220;0&#8243; overlay_alpha=&#8220;50&#8243; gutter_size=&#8220;3&#8243; [&hellip;]<\/p>\n","protected":false},"author":1,"featured_media":0,"parent":0,"menu_order":13,"comment_status":"closed","ping_status":"closed","template":"","meta":{"om_disable_all_campaigns":false,"footnotes":""},"class_list":["post-388","page","type-page","status-publish","hentry"],"yoast_head":"<!-- This site is optimized with the Yoast SEO plugin v27.4 - https:\/\/yoast.com\/product\/yoast-seo-wordpress\/ -->\n<title>Kontakt | Lohnherstellung von Nahrungserg\u00e4nzungsmittel<\/title>\n<meta name=\"description\" content=\"Lohnherstellung von Nahrungserg\u00e4nzungsmitteln \u2013 kontaktieren Sie uns f\u00fcr Ihr Private-Label-Produkt. Schweizer Qualit\u00e4t, individuelle Rezepturen, Full-Service.\" \/>\n<meta name=\"robots\" content=\"index, follow, max-snippet:-1, max-image-preview:large, max-video-preview:-1\" \/>\n<link rel=\"canonical\" href=\"https:\/\/swissnutritionsolutions.ch\/de\/kontakt\/\" \/>\n<meta property=\"og:locale\" content=\"de_DE\" \/>\n<meta property=\"og:type\" content=\"article\" \/>\n<meta property=\"og:title\" content=\"Kontakt | Lohnherstellung von Nahrungserg\u00e4nzungsmittel\" \/>\n<meta property=\"og:description\" content=\"Lohnherstellung von Nahrungserg\u00e4nzungsmitteln \u2013 kontaktieren Sie uns f\u00fcr Ihr Private-Label-Produkt. Schweizer Qualit\u00e4t, individuelle Rezepturen, Full-Service.\" \/>\n<meta property=\"og:url\" content=\"https:\/\/swissnutritionsolutions.ch\/de\/kontakt\/\" \/>\n<meta property=\"og:site_name\" content=\"Swiss Nutrition Solutions\" \/>\n<meta property=\"article:modified_time\" content=\"2025-10-15T11:20:00+00:00\" \/>\n<meta name=\"twitter:card\" content=\"summary_large_image\" \/>\n<meta name=\"twitter:label1\" content=\"Gesch\u00e4tzte Lesezeit\" \/>\n\t<meta name=\"twitter:data1\" content=\"3\u00a0Minuten\" \/>\n<script type=\"application\/ld+json\" class=\"yoast-schema-graph\">{\"@context\":\"https:\\\/\\\/schema.org\",\"@graph\":[{\"@type\":\"WebPage\",\"@id\":\"https:\\\/\\\/swissnutritionsolutions.ch\\\/de\\\/kontakt\\\/\",\"url\":\"https:\\\/\\\/swissnutritionsolutions.ch\\\/de\\\/kontakt\\\/\",\"name\":\"Kontakt | Lohnherstellung von Nahrungserg\u00e4nzungsmittel\",\"isPartOf\":{\"@id\":\"https:\\\/\\\/swissnutritionsolutions.ch\\\/de\\\/#website\"},\"datePublished\":\"2020-03-16T17:22:24+00:00\",\"dateModified\":\"2025-10-15T11:20:00+00:00\",\"description\":\"Lohnherstellung von Nahrungserg\u00e4nzungsmitteln \u2013 kontaktieren Sie uns f\u00fcr Ihr Private-Label-Produkt. Schweizer Qualit\u00e4t, individuelle Rezepturen, Full-Service.\",\"breadcrumb\":{\"@id\":\"https:\\\/\\\/swissnutritionsolutions.ch\\\/de\\\/kontakt\\\/#breadcrumb\"},\"inLanguage\":\"de\",\"potentialAction\":[{\"@type\":\"ReadAction\",\"target\":[\"https:\\\/\\\/swissnutritionsolutions.ch\\\/de\\\/kontakt\\\/\"]}]},{\"@type\":\"BreadcrumbList\",\"@id\":\"https:\\\/\\\/swissnutritionsolutions.ch\\\/de\\\/kontakt\\\/#breadcrumb\",\"itemListElement\":[{\"@type\":\"ListItem\",\"position\":1,\"name\":\"Startseite\",\"item\":\"https:\\\/\\\/swissnutritionsolutions.ch\\\/de\\\/\"},{\"@type\":\"ListItem\",\"position\":2,\"name\":\"Kontakt\"}]},{\"@type\":\"WebSite\",\"@id\":\"https:\\\/\\\/swissnutritionsolutions.ch\\\/de\\\/#website\",\"url\":\"https:\\\/\\\/swissnutritionsolutions.ch\\\/de\\\/\",\"name\":\"Swiss Nutrition Solutions\",\"description\":\"Your reliable manufacturer of food supplements.\",\"publisher\":{\"@id\":\"https:\\\/\\\/swissnutritionsolutions.ch\\\/de\\\/#organization\"},\"potentialAction\":[{\"@type\":\"SearchAction\",\"target\":{\"@type\":\"EntryPoint\",\"urlTemplate\":\"https:\\\/\\\/swissnutritionsolutions.ch\\\/de\\\/?s={search_term_string}\"},\"query-input\":{\"@type\":\"PropertyValueSpecification\",\"valueRequired\":true,\"valueName\":\"search_term_string\"}}],\"inLanguage\":\"de\"},{\"@type\":\"Organization\",\"@id\":\"https:\\\/\\\/swissnutritionsolutions.ch\\\/de\\\/#organization\",\"name\":\"Swiss Nutrition Solutions\",\"url\":\"https:\\\/\\\/swissnutritionsolutions.ch\\\/de\\\/\",\"logo\":{\"@type\":\"ImageObject\",\"inLanguage\":\"de\",\"@id\":\"https:\\\/\\\/swissnutritionsolutions.ch\\\/de\\\/#\\\/schema\\\/logo\\\/image\\\/\",\"url\":\"\",\"contentUrl\":\"\",\"caption\":\"Swiss Nutrition Solutions\"},\"image\":{\"@id\":\"https:\\\/\\\/swissnutritionsolutions.ch\\\/de\\\/#\\\/schema\\\/logo\\\/image\\\/\"}}]}<\/script>\n<!-- \/ Yoast SEO plugin. -->","yoast_head_json":{"title":"Kontakt | Lohnherstellung von Nahrungserg\u00e4nzungsmittel","description":"Lohnherstellung von Nahrungserg\u00e4nzungsmitteln \u2013 kontaktieren Sie uns f\u00fcr Ihr Private-Label-Produkt. Schweizer Qualit\u00e4t, individuelle Rezepturen, Full-Service.","robots":{"index":"index","follow":"follow","max-snippet":"max-snippet:-1","max-image-preview":"max-image-preview:large","max-video-preview":"max-video-preview:-1"},"canonical":"https:\/\/swissnutritionsolutions.ch\/de\/kontakt\/","og_locale":"de_DE","og_type":"article","og_title":"Kontakt | Lohnherstellung von Nahrungserg\u00e4nzungsmittel","og_description":"Lohnherstellung von Nahrungserg\u00e4nzungsmitteln \u2013 kontaktieren Sie uns f\u00fcr Ihr Private-Label-Produkt. Schweizer Qualit\u00e4t, individuelle Rezepturen, Full-Service.","og_url":"https:\/\/swissnutritionsolutions.ch\/de\/kontakt\/","og_site_name":"Swiss Nutrition Solutions","article_modified_time":"2025-10-15T11:20:00+00:00","twitter_card":"summary_large_image","twitter_misc":{"Gesch\u00e4tzte Lesezeit":"3\u00a0Minuten"},"schema":{"@context":"https:\/\/schema.org","@graph":[{"@type":"WebPage","@id":"https:\/\/swissnutritionsolutions.ch\/de\/kontakt\/","url":"https:\/\/swissnutritionsolutions.ch\/de\/kontakt\/","name":"Kontakt | Lohnherstellung von Nahrungserg\u00e4nzungsmittel","isPartOf":{"@id":"https:\/\/swissnutritionsolutions.ch\/de\/#website"},"datePublished":"2020-03-16T17:22:24+00:00","dateModified":"2025-10-15T11:20:00+00:00","description":"Lohnherstellung von Nahrungserg\u00e4nzungsmitteln \u2013 kontaktieren Sie uns f\u00fcr Ihr Private-Label-Produkt. Schweizer Qualit\u00e4t, individuelle Rezepturen, Full-Service.","breadcrumb":{"@id":"https:\/\/swissnutritionsolutions.ch\/de\/kontakt\/#breadcrumb"},"inLanguage":"de","potentialAction":[{"@type":"ReadAction","target":["https:\/\/swissnutritionsolutions.ch\/de\/kontakt\/"]}]},{"@type":"BreadcrumbList","@id":"https:\/\/swissnutritionsolutions.ch\/de\/kontakt\/#breadcrumb","itemListElement":[{"@type":"ListItem","position":1,"name":"Startseite","item":"https:\/\/swissnutritionsolutions.ch\/de\/"},{"@type":"ListItem","position":2,"name":"Kontakt"}]},{"@type":"WebSite","@id":"https:\/\/swissnutritionsolutions.ch\/de\/#website","url":"https:\/\/swissnutritionsolutions.ch\/de\/","name":"Swiss Nutrition Solutions","description":"Your reliable manufacturer of food supplements.","publisher":{"@id":"https:\/\/swissnutritionsolutions.ch\/de\/#organization"},"potentialAction":[{"@type":"SearchAction","target":{"@type":"EntryPoint","urlTemplate":"https:\/\/swissnutritionsolutions.ch\/de\/?s={search_term_string}"},"query-input":{"@type":"PropertyValueSpecification","valueRequired":true,"valueName":"search_term_string"}}],"inLanguage":"de"},{"@type":"Organization","@id":"https:\/\/swissnutritionsolutions.ch\/de\/#organization","name":"Swiss Nutrition Solutions","url":"https:\/\/swissnutritionsolutions.ch\/de\/","logo":{"@type":"ImageObject","inLanguage":"de","@id":"https:\/\/swissnutritionsolutions.ch\/de\/#\/schema\/logo\/image\/","url":"","contentUrl":"","caption":"Swiss Nutrition Solutions"},"image":{"@id":"https:\/\/swissnutritionsolutions.ch\/de\/#\/schema\/logo\/image\/"}}]}},"_links":{"self":[{"href":"https:\/\/swissnutritionsolutions.ch\/de\/wp-json\/wp\/v2\/pages\/388","targetHints":{"allow":["GET"]}}],"collection":[{"href":"https:\/\/swissnutritionsolutions.ch\/de\/wp-json\/wp\/v2\/pages"}],"about":[{"href":"https:\/\/swissnutritionsolutions.ch\/de\/wp-json\/wp\/v2\/types\/page"}],"author":[{"embeddable":true,"href":"https:\/\/swissnutritionsolutions.ch\/de\/wp-json\/wp\/v2\/users\/1"}],"replies":[{"embeddable":true,"href":"https:\/\/swissnutritionsolutions.ch\/de\/wp-json\/wp\/v2\/comments?post=388"}],"version-history":[{"count":125,"href":"https:\/\/swissnutritionsolutions.ch\/de\/wp-json\/wp\/v2\/pages\/388\/revisions"}],"predecessor-version":[{"id":2722,"href":"https:\/\/swissnutritionsolutions.ch\/de\/wp-json\/wp\/v2\/pages\/388\/revisions\/2722"}],"wp:attachment":[{"href":"https:\/\/swissnutritionsolutions.ch\/de\/wp-json\/wp\/v2\/media?parent=388"}],"curies":[{"name":"wp","href":"https:\/\/api.w.org\/{rel}","templated":true}]}}